{"id":106,"date":"2018-05-24T15:46:18","date_gmt":"2018-05-24T13:46:18","guid":{"rendered":"https:\/\/www.lassonczyk.com\/?page_id=106"},"modified":"2025-11-28T08:24:20","modified_gmt":"2025-11-28T07:24:20","slug":"datenschutz","status":"publish","type":"page","link":"https:\/\/www.lassonczyk.com\/en\/datenschutz\/","title":{"rendered":"Privacy Notice"},"content":{"rendered":"<p>[vc_row][vc_column][vc_column_text]Datenschutzerkl\u00e4rung<br \/>\n1. Datenschutz auf einen Blick<\/p>\n<p>Allgemeine<br \/>\nHinweise<\/p>\n<p>Die folgenden Hinweise geben einen einfachen \u00dcberblick dar\u00fcber, was mit Ihren personenbezogenen Daten passiert, wenn Sie unsere Website\u00a0besuchen. Personenbezogene\u00a0Daten sind alle Daten, mit denen Sie pers\u00f6nlich identifiziert werden k\u00f6nnen. Ausf\u00fchrliche Informationen zum Thema Datenschutz entnehmen Sie\u00a0unserer unter diesem Text aufgef\u00fchrten\u00a0Datenschutzerkl\u00e4rung.<\/p>\n<p>Datenerfassung auf unserer Website<\/p>\n<p>Wer ist verantwortlich f\u00fcr die Datenerfassung auf dieser Website?<\/p>\n<p>Die Datenverarbeitung auf dieser Website erfolgt durch den Websitebetreiber. Dessen Kontaktdaten k\u00f6nnen Sie dem\u00a0Impressum dieser Website entnehmen.<\/p>\n<p>Wie erfassen wir Ihre Daten?<\/p>\n<p>Ihre Daten werden zum einen dadurch erhoben, dass Sie uns diese mitteilen. Hierbei kann es sich z.B. um Daten handeln, die Sie in ein Kontaktformular\u00a0eingeben.<\/p>\n<p>Andere Daten werden automatisch beim Besuch der Website durch unsere IT-Systeme erfasst. Das sind vor allem technische\u00a0Daten (z.B. Internetbrowser, Betriebssystem oder Uhrzeit des Seitenaufrufs). Die Erfassung dieser Daten erfolgt automatisch, sobald Sie unsere\u00a0Website betreten.<\/p>\n<p>Wof\u00fcr nutzen wir Ihre Daten?<\/p>\n<p>Ein Teil der Daten wird erhoben, um eine fehlerfreie Bereitstellung der Website zu gew\u00e4hrleisten. Andere Daten k\u00f6nnen zur Analyse Ihres\u00a0Nutzerverhaltens verwendet werden.<\/p>\n<p>Welche Rechte haben Sie bez\u00fcglich Ihrer Daten?<\/p>\n<p>Sie haben jederzeit das Recht unentgeltlich Auskunft \u00fcber Herkunft, Empf\u00e4nger und Zweck Ihrer gespeicherten personenbezogenen Daten zu erhalten.\u00a0Sie haben au\u00dferdem ein Recht, die Berichtigung,\u00a0Sperrung oder L\u00f6schung dieser Daten zu verlangen. Hierzu sowie zu weiteren Fragen\u00a0zum Thema Datenschutz k\u00f6nnen Sie sich jederzeit unter der im Impressum angegebenen Adresse an uns wenden. Des Weiteren steht Ihnen ein\u00a0Beschwerderecht bei der zust\u00e4ndigen\u00a0Aufsichtsbeh\u00f6rde zu.<\/p>\n<p>2. Allgemeine Hinweise und Pflichtinformationen<\/p>\n<p>Privacy Notice<\/p>\n<p>Die Betreiber dieser Seiten nehmen den Schutz Ihrer pers\u00f6nlichen\u00a0Daten sehr ernst. Wir behandeln Ihre personenbezogenen Daten vertraulich und entsprechend der gesetzlichen Datenschutzvorschriften sowie dieser\u00a0Datenschutzerkl\u00e4rung.<\/p>\n<p>Wenn Sie diese Website benutzen, werden verschiedene personenbezogene Daten erhoben. Personenbezogene Daten\u00a0sind Daten, mit denen Sie pers\u00f6nlich identifiziert werden k\u00f6nnen. Die vorliegende Datenschutzerkl\u00e4rung erl\u00e4utert, welche Daten wir erheben und wof\u00fcr\u00a0wir sie nutzen. Sie erl\u00e4utert auch, wie und zu\u00a0welchem Zweck das geschieht.<\/p>\n<p>Wir weisen darauf hin, dass die Daten\u00fcbertragung im Internet (z.B. bei der Kommunikation per E-Mail) Sicherheitsl\u00fccken\u00a0aufweisen kann. Ein l\u00fcckenloser Schutz der Daten vor dem Zugriff durch Dritte ist nicht m\u00f6glich.<\/p>\n<p>Hinweis zur verantwortlichen Stelle<\/p>\n<p>Die verantwortliche Stelle f\u00fcr die Datenverarbeitung auf dieser Website ist:<\/p>\n<p>Johanna G\u00f6kdelen (geb. Lassonczyk)<br \/>\nMagnolienweg 7,<br \/>\n52388 N\u00f6rvenich<\/p>\n<p>Telefon: +49 (0)2426 \/ 95 88 378<br \/>\nE-Mail: mail@lassonczyk.com<\/p>\n<p>Verantwortliche Stelle ist die nat\u00fcrliche oder juristische Person, die allein oder gemeinsam mit\u00a0anderen \u00fcber die Zwecke und Mittel der Verarbeitung von personenbezogenen Daten (z.B. Namen, E-Mail-Adressen o. \u00c4.) entscheidet.<\/p>\n<p>Widerruf Ihrer Einwilligung zur\u00a0Datenverarbeitung<\/p>\n<p>Viele Datenverarbeitungsvorg\u00e4nge sind nur mit Ihrer\u00a0ausdr\u00fccklichen Einwilligung m\u00f6glich. Sie k\u00f6nnen eine bereits erteilte Einwilligung jederzeit widerrufen. Dazu reicht eine formlose Mitteilung per E-Mail\u00a0an uns. Die Rechtm\u00e4\u00dfigkeit der bis zum Widerruf\u00a0erfolgten Datenverarbeitung bleibt vom Widerruf\u00a0unber\u00fchrt.<\/p>\n<p>Beschwerderecht bei der zust\u00e4ndigen Aufsichtsbeh\u00f6rde<\/p>\n<p>Im Falle datenschutzrechtlicher Verst\u00f6\u00dfe steht dem Betroffenen ein Beschwerderecht bei der zust\u00e4ndigen Aufsichtsbeh\u00f6rde zu. Zust\u00e4ndige\u00a0Aufsichtsbeh\u00f6rde in datenschutzrechtlichen Fragen ist der\u00a0Landesdatenschutzbeauftragte des Bundeslandes, in dem unser\u00a0Unternehmen seinen Sitz hat. Eine Liste der Datenschutzbeauftragten sowie deren Kontaktdaten\u00a0k\u00f6nnen folgendem Link entnommen werden:\u00a0https:\/\/www.bfdi.bund.de\/DE\/Infothek\/Anschriften_Links\/anschriften_linksnode.html.<\/p>\n<p>Recht auf Daten\u00fcbertragbarkeit<\/p>\n<p>Sie haben das Recht, Daten, die wir auf Grundlage Ihrer Einwilligung oder in Erf\u00fcllung eines Vertrags automatisiert verarbeiten, an sich oder an einen\u00a0Dritten in einem g\u00e4ngigen, maschinenlesbaren\u00a0Format aush\u00e4ndigen zu\u00a0lassen. Sofern Sie die direkte \u00dcbertragung der Daten an einen anderen Verantwortlichen verlangen, erfolgt dies nur, soweit es technisch machbar ist.<\/p>\n<p>Auskunft, Sperrung, L\u00f6schung<\/p>\n<p>Sie haben im Rahmen der geltenden gesetzlichen\u00a0Bestimmungen jederzeit das Recht auf unentgeltliche Auskunft \u00fcber Ihre gespeicherten personenbezogenen Daten, deren Herkunft und Empf\u00e4nger und\u00a0den Zweck der Datenverarbeitung\u00a0und ggf. ein Recht auf Berichtigung, Sperrung oder L\u00f6schung dieser Daten. Hierzu sowie zu weiteren Fragen zum Thema personenbezogene Daten\u00a0k\u00f6nnen Sie sich jederzeit unter der im\u00a0Impressum angegebenen Adresse an uns wenden.<\/p>\n<p>Widerspruch gegen Werbe-Mails<\/p>\n<p>Der Nutzung von im Rahmen der Impressumspflicht ver\u00f6ffentlichten Kontaktdaten zur \u00dcbersendung von nicht ausdr\u00fccklich angeforderter Werbung und\u00a0Informationsmaterialien wird hiermit\u00a0widersprochen. Die Betreiber der Seiten behalten sich ausdr\u00fccklich rechtliche Schritte im Falle der unverlangten\u00a0Zusendung von Werbeinformationen, etwa durch Spam-E-Mails, vor.<\/p>\n<p>3. Plugins und Tools<\/p>\n<p>Google Maps<\/p>\n<p>Diese\u00a0Seite nutzt \u00fcber eine API den Kartendienst Google Maps. Anbieter ist die Google Inc., 1600\u00a0Amphitheatre Parkway, Mountain View, CA 94043, USA.<\/p>\n<p>Zur Nutzung der Funktionen von Google\u00a0Maps ist es notwendig, Ihre IP Adresse zu speichern. Diese Informationen werden in der Regel an einen<br \/>\nServer von Google in den USA \u00fcbertragen und dort gespeichert. Der Anbieter dieser Seite hat\u00a0keinen Einfluss auf diese Daten\u00fcbertragung.<\/p>\n<p>Die Nutzung von Google Maps erfolgt im\u00a0Interesse einer ansprechenden Darstellung unserer Online-Angebote und an einer leichten Auffindbarkeit<br \/>\nder von uns auf der Website angegebenen Orte. Dies stellt ein berechtigtes Interesse im Sinne von Art. 6\u00a0Abs. 1 lit. f DSGVO dar.<\/p>\n<div>Mehr Informationen zum Umgang mit Nutzerdaten finden Sie in der\u00a0Datenschutzerkl\u00e4rung von Google:\u00a0https:\/\/www.google.de\/intl\/de\/policies\/privacy\/.<\/div>\n<p>[\/vc_column_text][\/vc_column][\/vc_row]<\/p>","protected":false},"excerpt":{"rendered":"<p>[vc_row][vc_column][vc_column_text]Datenschutzerkl\u00e4rung 1. Datenschutz auf einen Blick Allgemeine Hinweise Die folgenden Hinweise geben einen einfachen \u00dcberblick dar\u00fcber, was mit Ihren personenbezogenen Daten passiert, wenn Sie unsere Website\u00a0besuchen. Personenbezogene\u00a0Daten sind alle Daten, mit denen Sie pers\u00f6nlich identifiziert werden k\u00f6nnen. Ausf\u00fchrliche Informationen zum Thema Datenschutz entnehmen Sie\u00a0unserer unter diesem Text aufgef\u00fchrten\u00a0Datenschutzerkl\u00e4rung. Datenerfassung auf unserer Website Wer ist verantwortlich [&hellip;]<\/p>","protected":false},"author":1,"featured_media":0,"parent":0,"menu_order":0,"comment_status":"closed","ping_status":"closed","template":"","meta":{"footnotes":""},"_links":{"self":[{"href":"https:\/\/www.lassonczyk.com\/en\/wp-json\/wp\/v2\/pages\/106"}],"collection":[{"href":"https:\/\/www.lassonczyk.com\/en\/wp-json\/wp\/v2\/pages"}],"about":[{"href":"https:\/\/www.lassonczyk.com\/en\/wp-json\/wp\/v2\/types\/page"}],"author":[{"embeddable":true,"href":"https:\/\/www.lassonczyk.com\/en\/wp-json\/wp\/v2\/users\/1"}],"replies":[{"embeddable":true,"href":"https:\/\/www.lassonczyk.com\/en\/wp-json\/wp\/v2\/comments?post=106"}],"version-history":[{"count":3,"href":"https:\/\/www.lassonczyk.com\/en\/wp-json\/wp\/v2\/pages\/106\/revisions"}],"predecessor-version":[{"id":366,"href":"https:\/\/www.lassonczyk.com\/en\/wp-json\/wp\/v2\/pages\/106\/revisions\/366"}],"wp:attachment":[{"href":"https:\/\/www.lassonczyk.com\/en\/wp-json\/wp\/v2\/media?parent=106"}],"curies":[{"name":"wp","href":"https:\/\/api.w.org\/{rel}","templated":true}]}}