{"id":200,"date":"2024-03-18T08:46:35","date_gmt":"2024-03-18T07:46:35","guid":{"rendered":"https:\/\/www.lassonczyk.com\/?page_id=200"},"modified":"2025-11-28T08:25:36","modified_gmt":"2025-11-28T07:25:36","slug":"startseite","status":"publish","type":"page","link":"https:\/\/www.lassonczyk.com\/en\/","title":{"rendered":"Startseite"},"content":{"rendered":"<p>[vc_row full_width=&#8220;false&#8220; el_class=&#8220;second-section&#8220;][vc_column el_class=&#8220;tab_sec_1&#8243;]<div class=\"tabs row max-width  tab_sec_1\" data-active-tab=\"1\" ><nav><a class=\"tab\" href=\"#tab-1607520696848-9f13d36b-8a07\">Die Agentur<\/a><a class=\"tab\" href=\"#tab-1607520696895-dc37cfb8-3c7e\">What we do<\/a><a class=\"tab\" href=\"#tab-1607520696947-206cd1c5-1bf6\">How we do it<\/a><\/nav><div class=\"tab-pages\"><div id=\"tab-1607520696848-9f13d36b-8a07\" class=\"tab-page\"><div class=\"bg-image\" style=\"background-image: url(https:\/\/www.lassonczyk.com\/wp-content\/uploads\/2016\/06\/profil_tastertur_eingabe.jpg)\"><\/div>[vc_column_text]<\/p>\n<p class=\"text-left\">Lassonczyk PR ist eine inhabergef\u00fchrte PR-Agentur, die weit mehr zu bieten hat als klassische PR. Unser Ansatz ist eine vernetzte Kommunikation, die die Bereiche PR, Social Media, Influencer Marketing sowie Events in die Marken- und Unternehmenskommunikation integriert. Eines steht dabei immer im Mittelpunkt: die Liebe zur Marke und zur kreativen Inszenierung!<\/p>\n<p class=\"text-left\">Pers\u00f6nliche Kontakte aus \u00fcber 20 Jahren Beauty- und Lifestyle PR bieten uns die M\u00f6glichkeit, Meinungsbildner:innen vertrauensvoll anzugehen und Themen gezielt in der bundesweiten Medienlandschaft zu platzieren. Ein hohes Ma\u00df an Authentizit\u00e4t, Loyalit\u00e4t und Professionalit\u00e4t sind dabei die Schl\u00fcsselworte f\u00fcr einen erfolgreichen Austausch mit Kunden sowie Medienpartnern auf Augenh\u00f6he.<\/p>\n<p class=\"text-left\">Wir sind Content- und Kanalspezialist und l\u00f6sen die bestehende Silo-Kommunikation mithilfe kanal\u00fcbergreifender, integrierter 360\u00b0-Kommunikationsl\u00f6sungen auf. Wir schaffen ein Gesamtbild Ihrer Marke oder Ihres Produktes und vereinen dabei alle Kommunikationsdisziplinen miteinander.<\/p>\n<p class=\"text-left\">Den Gesamterfolg Ihrer Kampagne \u00fcberwachen wir durch Wirkungsmessung auf allen Kan\u00e4len. Das Ergebnis sind effiziente und spannende Kampagnen, die die digitale Sichtbarkeit Ihrer Marke steigern.<\/p>\n<p>[\/vc_column_text]<\/div><div id=\"tab-1607520696895-dc37cfb8-3c7e\" class=\"tab-page\"><div class=\"bg-image\" style=\"background-image: url(https:\/\/www.lassonczyk.com\/wp-content\/uploads\/2016\/06\/netzwerk_green_box.jpg)\"><\/div>[vc_column_text]<\/p>\n<p class=\"text-left\">Unser Ziel ist es, Marken in den relevanten Zielm\u00e4rkten nachhaltig zu etablieren und auf das n\u00e4chste Level zu heben. Wer Kundenbeziehungen st\u00e4rken und Interessent:nnen f\u00fcr sich gewinnen m\u00f6chte, muss seinen Zielgruppen relevante Inhalte auf jedem Kanal bieten und im Blick behalten, was wirklich wirkt. Denn die Basis f\u00fcr wirtschaftlichen Erfolg ist eine kundenenzentrierte Kommunikation.<\/p>\n<p class=\"text-left\">Wir unterst\u00fctzen Marken und Unternehmen, indem wir die Kraft kreativer Inhalte mit der Pr\u00e4zision datengesch\u00fctzter Insights und Media-Targeting kombinieren. So werden Ihre Inhalte datenbasiert an die richtigen Personen \u00fcber alle Online-Kan\u00e4le ausgespielt \u2013 und effektive Ergebnisse erzielt.<\/p>\n<p>[\/vc_column_text]<\/div><div id=\"tab-1607520696947-206cd1c5-1bf6\" class=\"tab-page\"><div class=\"bg-image\" style=\"background-image: url(https:\/\/www.lassonczyk.com\/wp-content\/uploads\/2016\/06\/zielmedium_gallerie.jpg)\"><\/div>[vc_column_text]Verbraucher:nnen m\u00f6chten verstehen, was ein Unternehmen oder ein Produkt bietet und was es ausmacht. Kern unserer PR-Arbeit ist das Transportieren von Botschaften mittels emotionaler Geschichten. Storytelling liegt uns im Blut! Ein aktives Themensetting, Presse Round Tables, Redaktionstourneen, Events und mehr sorgen daf\u00fcr, dass Ihre Themen in den Top Online- und auflagenstarken Printmedien die Aufmerksamkeit erhalten, die sie verdienen.<\/p>\n<p class=\"text-left\">Hier trifft strategische Kompetenz auf eine Daten- und evidenzbasierte Analyse sowie leidenschaftliche Kreativit\u00e4t mit dem Ziel, signifikanter Bestandteil der Wertsch\u00f6pfung Ihrer Marke zu werden.<\/p>\n<p>[\/vc_column_text]<\/div><\/div><\/div>[\/vc_column][\/vc_row][vc_row full_width=&#8220;false&#8220; el_id=&#8220;philosophie&#8220;][vc_column el_class=&#8220;second-section&#8220;][vc_row_inner max_width=&#8220;true&#8220; content_placement=&#8220;&#8220; gap=&#8220;&#8220;][vc_column_inner]<div class=\"quotes\"><div class=\"quote-header\"><span class=\"icon-quote\"><\/span><\/div><div class=\"has-slick\"><div class=\"quote\"><blockquote>&quot;Ich glaube, dass 2024 bedingt durch die massive Weiterentwicklung des Marktes ein Jahr der erh\u00f6hten Standards sein wird. Den Dreh- und Angelpunkt bildet dabei ma\u00dfgeblich Vertrauen zu Anbieter, Produkt, Anwendbarkeit und Wert des Produktes. Eine kundenzentrierte vertrauensbildende Kommunikation ist daher unumg\u00e4nglich.&quot; <\/blockquote><\/div><div class=\"quote\"><blockquote>\u201eWarum wir PR-Arbeit dem klassischen Anzeigengesch\u00e4ft vorziehen? Ganz einfach, weil PR-Artikel eine deutlich h\u00f6here Glaubw\u00fcrdigkeit bei Konsumentinnen und Konsumenten erzielen. Eine Anzeige wird wahrgenommen. Ein redaktioneller Artikel wird geglaubt.\u201c <\/blockquote><\/div><div class=\"quote\"><blockquote>\"The best marketing messages are those that are not understood as classic advertising.\" <\/blockquote><\/div><div class=\"quote\"><blockquote>\u201eMedien bieten Entscheidungshilfen zu relevanten Themen und beeinflussen die Wahrnehmung von Botschaften.\u201c  <\/blockquote><\/div><\/div><\/div>[\/vc_column_inner][\/vc_row_inner][\/vc_column][\/vc_row][vc_row full_width=&#8220;false&#8220; el_id=&#8220;leistung&#8220; el_class=&#8220;second-section&#8220;][vc_column el_class=&#8220;second-section&#8220;]<div class=\"tabs row max-width  tab_sec_2\" data-active-tab=\"1\" ><nav><a class=\"tab\" href=\"#tab-corporate-pr\">Corporate &amp; Product PR<\/a><a class=\"tab\" href=\"#tab-product-pr\">Personality PR<\/a><a class=\"tab\" href=\"#tab-event-pr\">Social Media Marketing &amp; Influencer Relations<\/a><a class=\"tab\" href=\"#tab-services\">Reporting<\/a><\/nav><div class=\"tab-pages\"><div id=\"tab-corporate-pr\" class=\"tab-page\"><div class=\"bg-image\" style=\"background-image: url(https:\/\/www.lassonczyk.com\/wp-content\/uploads\/2016\/06\/corporate-pr_liebesschloss.jpg)\"><\/div>[vc_column_text]<\/p>\n<p class=\"text-left\">Strategieberatung<\/p>\n<ul class=\"text-left\">\n<li>Markt- und Wettbewerbsanalyse<\/li>\n<li>SWOT-Analysen<\/li>\n<li>Erstellung von Kommunikationskonzepten und einer nachhaltigen Kommunikation<\/li>\n<\/ul>\n<p class=\"text-left\">Agenda Setting<\/p>\n<ul class=\"text-left\">\n<li>Erstellung von kundenspezifischen Presseunterlagen in Print und Online<\/li>\n<li>Platzierung von Publikationen in der bundesweiten Presselandschaft<\/li>\n<li style=\"list-style-type: none;\"><\/li>\n<\/ul>\n<p class=\"text-left\">Live-Kommunikation<\/p>\n<ul class=\"text-left\">\n<li>Messe-PR<\/li>\n<li>Pressekonferenzen<\/li>\n<li>Round Tables<\/li>\n<li>PR-Events<\/li>\n<li style=\"list-style-type: none;\"><\/li>\n<\/ul>\n<p class=\"text-left\">Corporate Publishing<\/p>\n<ul class=\"text-left\">\n<li>Redaktion f\u00fcr Blogs, Unternehmensmagazine, Gesch\u00e4ftsberichte und Whitepaper<\/li>\n<\/ul>\n<p class=\"text-left\">SEO<\/p>\n<ul class=\"text-left\">\n<li>Keywordrecherche: detaillierte Recherche zur Ermittlung verschiedener Suchintentionen potentieller Kunden. Geclustert wird nach Traffic, Trust und Conversion<\/li>\n<li>Redaktionsplanung: Erstellung von SEO-optimiertem Content (Pressetexte, Website-Texte, Blogs) zur Steigerung der Reichweite sowie digitalen Sichtbarkeit<\/li>\n<li style=\"list-style-type: none;\"><\/li>\n<\/ul>\n<p class=\"text-left\">Media Planning<\/p>\n<ul>\n<li class=\"text-left\">Abwicklung der Anzeigenschaltung<\/li>\n<\/ul>\n<p>[\/vc_column_text]<\/div><div id=\"tab-product-pr\" class=\"tab-page\"><div class=\"bg-image\" style=\"background-image: url(https:\/\/www.lassonczyk.com\/wp-content\/uploads\/2016\/06\/produkt-pr_kosmetik-moodboard.jpg)\"><\/div>[vc_column_text]<\/p>\n<ul>\n<li class=\"text-left\">LinkedIn Marketing<\/li>\n<li class=\"text-left\">Thought Leadership<\/li>\n<li class=\"text-left\">Thought Leader Ads<\/li>\n<\/ul>\n<p>[\/vc_column_text]<\/div><div id=\"tab-event-pr\" class=\"tab-page\"><div class=\"bg-image\" style=\"background-image: url(https:\/\/www.lassonczyk.com\/wp-content\/uploads\/2016\/06\/event-pr_flugzeug.jpg)\"><\/div>[vc_column_text]<\/p>\n<p class=\"text-left\">Social Media Consulting<\/p>\n<ul class=\"text-left\">\n<li>Facebook, Instagram, Xing, LinkedIn, TikTok<\/li>\n<li>Erstellung von Social Content Strategien<\/li>\n<li>Instagram Marketing<\/li>\n<\/ul>\n<p class=\"text-left\">Storytelling<\/p>\n<ul class=\"text-left\">\n<li>Social Media Redaktion<\/li>\n<li>Entwicklung und Umsetzung aufmerksamkeitsstarker\u00a0Social-Media-Kampagnen<\/li>\n<\/ul>\n<p class=\"text-left\">Paid Social<\/p>\n<ul class=\"text-left\">\n<li>Social Advertising, Display Advertising, Native Advertising<\/li>\n<\/ul>\n<p class=\"text-left\">Online Monitoring<\/p>\n<ul>\n<li class=\"text-left\">Community Management<\/li>\n<li class=\"text-left\">Themen- und Influencer-Monitoring<\/li>\n<li class=\"text-left\">Web Analytics<\/li>\n<\/ul>\n<p>[\/vc_column_text]<\/div><div id=\"tab-services\" class=\"tab-page\"><div class=\"bg-image\" style=\"background-image: url(https:\/\/www.lassonczyk.com\/wp-content\/uploads\/2016\/06\/services_rheinauhafen.jpg)\"><\/div>[vc_column_text]<\/p>\n<ul>\n<li>Medienanalysen und Clippingdienst (quantitativ\/qualitativ)<\/li>\n<li>Social und Digital Analytics<\/li>\n<li>KPI Tracking<\/li>\n<li>ROI-Messung<\/li>\n<li>Online Marketing Monitoring<\/li>\n<li>Lessons Learned und Optimierungsworkshops<\/li>\n<\/ul>\n<p>[\/vc_column_text]<\/div><\/div><\/div>[\/vc_column][\/vc_row][vc_row el_id=&#8220;referenzen&#8220; el_class=&#8220;inner-mider-section&#8220;][vc_column offset=&#8220;vc_col-md-offset-1 vc_col-md-10&#8243;]<div class=\"references\"><div class=\"reference\"><a href=\"https:\/\/www.althoffcollection.com\/magazine\/epaper-althoffcollectionmagazin01_2023\/index.html#1\" title=\"Schloss Bensberg\"><img decoding=\"async\" src=\"https:\/\/www.lassonczyk.com\/wp-content\/uploads\/2016\/06\/logo_schloss-bensberg.png\" alt=\"Schloss Bensberg\" \/><\/a><\/div><div class=\"reference\"><a href=\"http:\/\/www.beenatural.de\/\" title=\"Bee Natural\"><img decoding=\"async\" src=\"https:\/\/www.lassonczyk.com\/wp-content\/uploads\/2016\/06\/logo_bee-natural.png\" alt=\"Bee Natural\" \/><\/a><\/div><div class=\"reference\"><a href=\"https:\/\/www.beautyhills.de\" title=\"Beauty Hills \"><img decoding=\"async\" src=\"https:\/\/www.lassonczyk.com\/wp-content\/uploads\/2016\/06\/beauty-hills.png\" alt=\"Beauty Hills \" \/><\/a><\/div><div class=\"reference\"><a href=\"http:\/\/www.meincarmex.de\/\" title=\"Carmex\"><img decoding=\"async\" src=\"https:\/\/www.lassonczyk.com\/wp-content\/uploads\/2016\/06\/logo_carmex.png\" alt=\"Carmex\" \/><\/a><\/div><div class=\"reference\"><a href=\"http:\/\/www.cosmedici.org\/\" title=\"cosmedici - Immuncosmetic\"><img decoding=\"async\" src=\"https:\/\/www.lassonczyk.com\/wp-content\/uploads\/2016\/06\/logo_cosmedici.png\" alt=\"cosmedici - Immuncosmetic\" \/><\/a><\/div><div class=\"reference\"><a href=\"http:\/\/www.dentaid.de\/\" title=\"Dentaid - Kompetenz in Mundgesundheit\"><img decoding=\"async\" src=\"https:\/\/www.lassonczyk.com\/wp-content\/uploads\/2016\/06\/logo_dentaid.png\" alt=\"Dentaid - Kompetenz in Mundgesundheit\" \/><\/a><\/div><div class=\"reference\"><a href=\"http:\/\/www.schaffrath1923.com\/\" title=\"Gebr\u00fcder Schaffrath - Diamantenmanufaktur\"><img decoding=\"async\" src=\"https:\/\/www.lassonczyk.com\/wp-content\/uploads\/2016\/06\/logo_gebrueder-schaffrath.png\" alt=\"Gebr\u00fcder Schaffrath - Diamantenmanufaktur\" \/><\/a><\/div><div class=\"reference\"><a href=\"https:\/\/www.lebloc.de\/\" title=\"Le Bloc\"><img decoding=\"async\" src=\"https:\/\/www.lassonczyk.com\/wp-content\/uploads\/2016\/06\/lebloc_logo.jpg\" alt=\"Le Bloc\" \/><\/a><\/div><div class=\"reference\"><a href=\"https:\/\/www.facebook.com\/mycompliments\/\" title=\"My Compliments\"><img decoding=\"async\" src=\"https:\/\/www.lassonczyk.com\/wp-content\/uploads\/2016\/06\/logo_my-compliments.png\" alt=\"My Compliments\" \/><\/a><\/div><div class=\"reference\"><a href=\"https:\/\/p2cosmetics.com\" title=\"p2 cosmetics\"><img decoding=\"async\" src=\"https:\/\/www.lassonczyk.com\/wp-content\/uploads\/2016\/06\/logo_p2.png\" alt=\"p2 cosmetics\" \/><\/a><\/div><div class=\"reference\"><a href=\"https:\/\/shangpree.com\" title=\"Shangpree\"><img decoding=\"async\" src=\"https:\/\/www.lassonczyk.com\/wp-content\/uploads\/2016\/06\/shangpree.png\" alt=\"Shangpree\" \/><\/a><\/div><div class=\"reference\"><a href=\"https:\/\/www.skin-doctors.de\/\" title=\"Skin Doctors - cosmeceuticals\"><img decoding=\"async\" src=\"https:\/\/www.lassonczyk.com\/wp-content\/uploads\/2016\/06\/logo_skin-doctors.png\" alt=\"Skin Doctors - cosmeceuticals\" \/><\/a><\/div><div class=\"reference\"><a href=\"https:\/\/www.bedhead.com\/de\/\" title=\"BedHead\"><img decoding=\"async\" src=\"https:\/\/www.lassonczyk.com\/wp-content\/uploads\/2024\/03\/5ecb82343197b1000485b0a8.png\" alt=\"BedHead\" \/><\/a><\/div><div class=\"reference\"><a href=\"https:\/\/www.bedhead.com\/de\/\" title=\"TIGI\"><img decoding=\"async\" src=\"https:\/\/www.lassonczyk.com\/wp-content\/uploads\/2024\/03\/Screenshot-2024-01-31-141444.png\" alt=\"TIGI\" \/><\/a><\/div><div class=\"reference\"><a href=\"https:\/\/www.dm.de\/dm-marken\/trend-it-up\/\" title=\"trend it up - von dm\"><img decoding=\"async\" src=\"https:\/\/www.lassonczyk.com\/wp-content\/uploads\/2016\/06\/logo_trenditup.png\" alt=\"trend it up - von dm\" \/><\/a><\/div><div class=\"reference\"><a href=\"http:\/\/www.weyergans.de\/de\/\" title=\"Weyergans - future health\"><img decoding=\"async\" src=\"https:\/\/www.lassonczyk.com\/wp-content\/uploads\/2016\/06\/logo_weyergans.png\" alt=\"Weyergans - future health\" \/><\/a><\/div><\/div>[\/vc_column][\/vc_row][vc_row full_width=&#8220;false&#8220; css=&#8220;.vc_custom_1576674148236{background-color: #ffffff !important;}&#8220;][vc_column width=&#8220;1\/2&#8243;][vc_single_image image=&#8220;155&#8243; img_size=&#8220;large&#8220; alignment=&#8220;center&#8220; onclick=&#8220;custom_link&#8220; img_link_target=&#8220;_blank&#8220; link=&#8220;https:\/\/www.google.com\/maps\/place\/Stadtwaldg\u00fcrtel+6,+50931+K\u00f6ln\/@50.9323382,6.9068617,17.03z\/data=!4m5!3m4!1s0x47bf24deb2fdbf3d:0x24b12ff930effcc3!8m2!3d50.9290937!4d6.9088813&#8243;][\/vc_column][vc_column width=&#8220;1\/2&#8243;][vc_row_inner max_width=&#8220;false&#8220;][vc_column_inner][vc_empty_space height=&#8220;20px&#8220;][vc_column_text]<\/p>\n<h4><\/h4>\n<h4><\/h4>\n<h4><\/h4>\n<h3><strong>Check out now:<\/strong><br \/>\nMarketing-Expertin Johanna Lassonczyk im TV-Beitrag<br \/>\n\u201cDer gro\u00dfe Adventskalender-Test\u201d bei RTL, 23.11.2019<\/h3>\n<p>[\/vc_column_text][vc_empty_space][vc_btn title=&#8220;Watch now&#8220; link=&#8220;url:https%3A%2F%2Fwww.rtl.de%2Fvideos%2Fder-grosse-adventskalender-test-5dd958d6fc28e60e87077abb.html|||&#8220;][\/vc_column_inner][\/vc_row_inner][\/vc_column][\/vc_row][vc_row][vc_column offset=&#8220;vc_col-md-offset-2 vc_col-md-8&#8243;][vc_cta h2=&#8220;Sie haben noch Fragen?&#8220; add_button=&#8220;bottom&#8220; btn_title=&#8220;per E-Mail&#8220; btn_size=&#8220;lg&#8220; btn_align=&#8220;center&#8220; btn_link=&#8220;url:mailto%3Amail%40lassonczyk.com|title:E-Mail%20verfassen|&#8220;]<\/p>\n<h3 class=\"text-center\">F\u00fcr ein Erstgespr\u00e4ch <b>per Telefon, Zoom Meeting oder Skype Call<\/b> stehe ich sehr gerne zur Verf\u00fcgung.<\/h3>\n<p>[\/vc_cta][\/vc_column][\/vc_row][vc_row full_width=&#8220;false&#8220; column_padding=&#8220;false&#8220; el_id=&#8220;kontakt&#8220; css=&#8220;.vc_custom_1598523318081{background-image: url(https:\/\/www.lassonczyk.com\/wp-content\/uploads\/2020\/08\/johanna-lassonczyk-bild-3.jpg?id=164) !important;}&#8220;][vc_column width=&#8220;1\/2&#8243;][vc_single_image image=&#8220;134&#8243; img_size=&#8220;large&#8220; alignment=&#8220;center&#8220; onclick=&#8220;custom_link&#8220; img_link_target=&#8220;_blank&#8220; link=&#8220;https:\/\/www.google.com\/maps\/place\/Stadtwaldg\u00fcrtel+6,+50931+K\u00f6ln\/@50.9323382,6.9068617,17.03z\/data=!4m5!3m4!1s0x47bf24deb2fdbf3d:0x24b12ff930effcc3!8m2!3d50.9290937!4d6.9088813&#8243;][\/vc_column][vc_column width=&#8220;1\/2&#8243;][vc_row_inner max_width=&#8220;false&#8220;][vc_column_inner][vc_column_text]<img loading=\"lazy\" decoding=\"async\" class=\"alignnone wp-image-117\" src=\"https:\/\/www.lassonczyk.com\/wp-content\/uploads\/2016\/06\/logo-light-1.png\" alt=\"\" width=\"156\" height=\"61\" \/><\/p>\n<p><span style=\"color: #ffffff;\">Magnolia Lane 7,<\/span><br \/>\n<span style=\"color: #ffffff;\">52388 N\u00f6rvenich<\/span><\/p>\n<p><span style=\"color: #ffffff;\">Tel: <a style=\"color: #ffffff;\" href=\"tel:+49024269588378\">+49 (0)2426\/ 95 88 378<\/a><\/span><br \/>\n<span style=\"color: #ffffff;\"><a style=\"color: #ffffff;\" href=\"mailto:mail@lassonczyk.com\">mail@lassonczyk.com<\/a><\/span>[\/vc_column_text][vc_single_image image=&#8220;160&#8243; img_size=&#8220;large&#8220; style=&#8220;&#8220; css_animation=&#8220;&#8220; el_class=&#8220;show-for-small-only&#8220;][\/vc_column_inner][\/vc_row_inner][\/vc_column][\/vc_row]<\/p>","protected":false},"excerpt":{"rendered":"<p>[vc_row full_width=&#8220;false&#8220; el_class=&#8220;second-section&#8220;][vc_column el_class=&#8220;tab_sec_1&#8243;][\/vc_column][\/vc_row][vc_row full_width=&#8220;false&#8220; el_id=&#8220;philosophie&#8220;][vc_column el_class=&#8220;second-section&#8220;][vc_row_inner max_width=&#8220;true&#8220; content_placement=&#8220;&#8220; gap=&#8220;&#8220;][vc_column_inner][\/vc_column_inner][\/vc_row_inner][\/vc_column][\/vc_row][vc_row full_width=&#8220;false&#8220; el_id=&#8220;leistung&#8220; el_class=&#8220;second-section&#8220;][vc_column el_class=&#8220;second-section&#8220;][\/vc_column][\/vc_row][vc_row el_id=&#8220;referenzen&#8220; el_class=&#8220;inner-mider-section&#8220;][vc_column offset=&#8220;vc_col-md-offset-1 vc_col-md-10&#8243;][\/vc_column][\/vc_row][vc_row full_width=&#8220;false&#8220; css=&#8220;.vc_custom_1576674148236{background-color: #ffffff !important;}&#8220;][vc_column width=&#8220;1\/2&#8243;][vc_single_image image=&#8220;155&#8243; img_size=&#8220;large&#8220; alignment=&#8220;center&#8220; onclick=&#8220;custom_link&#8220; img_link_target=&#8220;_blank&#8220; link=&#8220;https:\/\/www.google.com\/maps\/place\/Stadtwaldg\u00fcrtel+6,+50931+K\u00f6ln\/@50.9323382,6.9068617,17.03z\/data=!4m5!3m4!1s0x47bf24deb2fdbf3d:0x24b12ff930effcc3!8m2!3d50.9290937!4d6.9088813&#8243;][\/vc_column][vc_column width=&#8220;1\/2&#8243;][vc_row_inner max_width=&#8220;false&#8220;][vc_column_inner][vc_empty_space height=&#8220;20px&#8220;][vc_column_text] Check out now: Marketing-Expertin Johanna Lassonczyk im TV-Beitrag \u201cDer gro\u00dfe Adventskalender-Test\u201d bei RTL, 23.11.2019 [\/vc_column_text][vc_empty_space][vc_btn title=&#8220;Watch now&#8220; link=&#8220;url:https%3A%2F%2Fwww.rtl.de%2Fvideos%2Fder-grosse-adventskalender-test-5dd958d6fc28e60e87077abb.html|||&#8220;][\/vc_column_inner][\/vc_row_inner][\/vc_column][\/vc_row][vc_row][vc_column offset=&#8220;vc_col-md-offset-2 vc_col-md-8&#8243;][vc_cta h2=&#8220;Sie haben noch [&hellip;]<\/p>","protected":false},"author":1,"featured_media":0,"parent":0,"menu_order":0,"comment_status":"closed","ping_status":"closed","template":"","meta":{"footnotes":""},"_links":{"self":[{"href":"https:\/\/www.lassonczyk.com\/en\/wp-json\/wp\/v2\/pages\/200"}],"collection":[{"href":"https:\/\/www.lassonczyk.com\/en\/wp-json\/wp\/v2\/pages"}],"about":[{"href":"https:\/\/www.lassonczyk.com\/en\/wp-json\/wp\/v2\/types\/page"}],"author":[{"embeddable":true,"href":"https:\/\/www.lassonczyk.com\/en\/wp-json\/wp\/v2\/users\/1"}],"replies":[{"embeddable":true,"href":"https:\/\/www.lassonczyk.com\/en\/wp-json\/wp\/v2\/comments?post=200"}],"version-history":[{"count":38,"href":"https:\/\/www.lassonczyk.com\/en\/wp-json\/wp\/v2\/pages\/200\/revisions"}],"predecessor-version":[{"id":367,"href":"https:\/\/www.lassonczyk.com\/en\/wp-json\/wp\/v2\/pages\/200\/revisions\/367"}],"wp:attachment":[{"href":"https:\/\/www.lassonczyk.com\/en\/wp-json\/wp\/v2\/media?parent=200"}],"curies":[{"name":"wp","href":"https:\/\/api.w.org\/{rel}","templated":true}]}}